{"id":1211,"date":"2026-05-07T16:47:59","date_gmt":"2026-05-07T14:47:59","guid":{"rendered":"https:\/\/anjabrachmann.de\/?page_id=1211"},"modified":"2026-05-07T17:23:41","modified_gmt":"2026-05-07T15:23:41","slug":"impressum","status":"publish","type":"page","link":"https:\/\/anjabrachmann.de\/?page_id=1211","title":{"rendered":"IMPRESSUM"},"content":{"rendered":"\t\t<div data-elementor-type=\"wp-page\" data-elementor-id=\"1211\" class=\"elementor elementor-1211\" data-elementor-post-type=\"page\">\n\t\t\t\t<div class=\"elementor-element elementor-element-d77674e e-flex e-con-boxed e-con e-parent\" data-id=\"d77674e\" data-element_type=\"container\" data-e-type=\"container\">\n\t\t\t\t\t<div class=\"e-con-inner\">\n\t\t\t\t<div class=\"elementor-element elementor-element-738b0e4 elementor-nav-menu__align-center elementor-absolute elementor-nav-menu--stretch elementor-nav-menu--dropdown-tablet elementor-nav-menu__text-align-aside elementor-nav-menu--toggle elementor-nav-menu--burger elementor-widget elementor-widget-nav-menu\" data-id=\"738b0e4\" data-element_type=\"widget\" data-e-type=\"widget\" data-settings=\"{&quot;_position&quot;:&quot;absolute&quot;,&quot;full_width&quot;:&quot;stretch&quot;,&quot;layout&quot;:&quot;horizontal&quot;,&quot;submenu_icon&quot;:{&quot;value&quot;:&quot;&lt;svg aria-hidden=\\&quot;true\\&quot; class=\\&quot;e-font-icon-svg e-fas-caret-down\\&quot; viewBox=\\&quot;0 0 320 512\\&quot; xmlns=\\&quot;http:\\\/\\\/www.w3.org\\\/2000\\\/svg\\&quot;&gt;&lt;path d=\\&quot;M31.3 192h257.3c17.8 0 26.7 21.5 14.1 34.1L174.1 354.8c-7.8 7.8-20.5 7.8-28.3 0L17.2 226.1C4.6 213.5 13.5 192 31.3 192z\\&quot;&gt;&lt;\\\/path&gt;&lt;\\\/svg&gt;&quot;,&quot;library&quot;:&quot;fa-solid&quot;},&quot;toggle&quot;:&quot;burger&quot;}\" data-widget_type=\"nav-menu.default\">\n\t\t\t\t\t\t\t\t<nav aria-label=\"Menu\" class=\"elementor-nav-menu--main elementor-nav-menu__container elementor-nav-menu--layout-horizontal e--pointer-underline e--animation-grow\">\n\t\t\t\t<ul id=\"menu-1-738b0e4\" class=\"elementor-nav-menu\"><li class=\"menu-item menu-item-type-custom menu-item-object-custom menu-item-home menu-item-11\"><a href=\"http:\/\/anjabrachmann.de\/#about\" class=\"elementor-item elementor-item-anchor\">ABOUT<\/a><\/li>\n<li class=\"menu-item menu-item-type-custom menu-item-object-custom menu-item-home menu-item-799\"><a href=\"http:\/\/anjabrachmann.de\/#gallery\" class=\"elementor-item elementor-item-anchor\">GALLERY<\/a><\/li>\n<li class=\"menu-item menu-item-type-custom menu-item-object-custom menu-item-home menu-item-13\"><a href=\"http:\/\/anjabrachmann.de\/#exhibitions\" class=\"elementor-item elementor-item-anchor\">EXHIBITIONS<\/a><\/li>\n<li class=\"menu-item menu-item-type-custom menu-item-object-custom menu-item-home menu-item-14\"><a href=\"http:\/\/anjabrachmann.de\/#contact\" class=\"elementor-item elementor-item-anchor\">CONTACT<\/a><\/li>\n<\/ul>\t\t\t<\/nav>\n\t\t\t\t\t<div class=\"elementor-menu-toggle\" role=\"button\" tabindex=\"0\" aria-label=\"Men\u00fc Umschalter\" aria-expanded=\"false\">\n\t\t\t<svg aria-hidden=\"true\" role=\"presentation\" class=\"elementor-menu-toggle__icon--open e-font-icon-svg e-eicon-menu-bar\" viewBox=\"0 0 1000 1000\" xmlns=\"http:\/\/www.w3.org\/2000\/svg\"><path d=\"M104 333H896C929 333 958 304 958 271S929 208 896 208H104C71 208 42 237 42 271S71 333 104 333ZM104 583H896C929 583 958 554 958 521S929 458 896 458H104C71 458 42 487 42 521S71 583 104 583ZM104 833H896C929 833 958 804 958 771S929 708 896 708H104C71 708 42 737 42 771S71 833 104 833Z\"><\/path><\/svg><svg aria-hidden=\"true\" role=\"presentation\" class=\"elementor-menu-toggle__icon--close e-font-icon-svg e-eicon-close\" viewBox=\"0 0 1000 1000\" xmlns=\"http:\/\/www.w3.org\/2000\/svg\"><path d=\"M742 167L500 408 258 167C246 154 233 150 217 150 196 150 179 158 167 167 154 179 150 196 150 212 150 229 154 242 171 254L408 500 167 742C138 771 138 800 167 829 196 858 225 858 254 829L496 587 738 829C750 842 767 846 783 846 800 846 817 842 829 829 842 817 846 804 846 783 846 767 842 750 829 737L588 500 833 258C863 229 863 200 833 171 804 137 775 137 742 167Z\"><\/path><\/svg>\t\t<\/div>\n\t\t\t\t\t<nav class=\"elementor-nav-menu--dropdown elementor-nav-menu__container\" aria-hidden=\"true\">\n\t\t\t\t<ul id=\"menu-2-738b0e4\" class=\"elementor-nav-menu\"><li class=\"menu-item menu-item-type-custom menu-item-object-custom menu-item-home menu-item-11\"><a href=\"http:\/\/anjabrachmann.de\/#about\" class=\"elementor-item elementor-item-anchor\" tabindex=\"-1\">ABOUT<\/a><\/li>\n<li class=\"menu-item menu-item-type-custom menu-item-object-custom menu-item-home menu-item-799\"><a href=\"http:\/\/anjabrachmann.de\/#gallery\" class=\"elementor-item elementor-item-anchor\" tabindex=\"-1\">GALLERY<\/a><\/li>\n<li class=\"menu-item menu-item-type-custom menu-item-object-custom menu-item-home menu-item-13\"><a href=\"http:\/\/anjabrachmann.de\/#exhibitions\" class=\"elementor-item elementor-item-anchor\" tabindex=\"-1\">EXHIBITIONS<\/a><\/li>\n<li class=\"menu-item menu-item-type-custom menu-item-object-custom menu-item-home menu-item-14\"><a href=\"http:\/\/anjabrachmann.de\/#contact\" class=\"elementor-item elementor-item-anchor\" tabindex=\"-1\">CONTACT<\/a><\/li>\n<\/ul>\t\t\t<\/nav>\n\t\t\t\t\t\t<\/div>\n\t\t\t\t\t<\/div>\n\t\t\t\t<\/div>\n\t\t<div class=\"elementor-element elementor-element-9483f06 e-flex e-con-boxed e-con e-parent\" data-id=\"9483f06\" data-element_type=\"container\" data-e-type=\"container\">\n\t\t\t\t\t<div class=\"e-con-inner\">\n\t\t\t\t<div class=\"elementor-element elementor-element-cc154b9 elementor-widget__width-inherit elementor-widget elementor-widget-heading\" data-id=\"cc154b9\" data-element_type=\"widget\" data-e-type=\"widget\" data-widget_type=\"heading.default\">\n\t\t\t\t\t<h2 class=\"elementor-heading-title elementor-size-default\">IMPRESSUM<\/h2>\t\t\t\t<\/div>\n\t\t\t\t\t<\/div>\n\t\t\t\t<\/div>\n\t\t<div class=\"elementor-element elementor-element-3c25d70 e-flex e-con-boxed e-con e-parent\" data-id=\"3c25d70\" data-element_type=\"container\" data-e-type=\"container\">\n\t\t\t\t\t<div class=\"e-con-inner\">\n\t\t\t\t<div class=\"elementor-element elementor-element-c7e1924 elementor-widget elementor-widget-text-editor\" data-id=\"c7e1924\" data-element_type=\"widget\" data-e-type=\"widget\" data-widget_type=\"text-editor.default\">\n\t\t\t\t\t\t\t\t\t<p>Angaben gem\u00e4\u00df \u00a7 5 TMG<br \/>Anja Brachmann<br \/>17166 Klein K\u00f6thel<br \/>Scheune 3<\/p><p>E-Mail: anjabrach@web.de<br \/>Telefon: +491633116788<br \/>Website: www.anjabrachmann.de<\/p><p>Verantwortlich f\u00fcr den Inhalt nach \u00a7 18 Abs. 2 MStV: wie oben<\/p><p>Urheberrecht:<\/p><p>Die auf dieser Website ver\u00f6ffentlichten Inhalte, Fotografien, Texte und k\u00fcnstlerischen Arbeiten sind urheberrechtlich gesch\u00fctzt.<br \/>Jegliche Verwendung, Vervielf\u00e4ltigung, Bearbeitung oder Verbreitung au\u00dferhalb der Grenzen des Urheberrechts bedarf der vorherigen schriftlichen Zustimmung der Urheberin.<\/p><p>Haftung f\u00fcr Inhalte<br \/>Die Inhalte dieser Website wurden mit gr\u00f6\u00dfter Sorgfalt erstellt. F\u00fcr die Richtigkeit, Vollst\u00e4ndigkeit und Aktualit\u00e4t der Inhalte wird jedoch keine Gew\u00e4hr \u00fcbernommen.<\/p><p>Haftung f\u00fcr externe Links<br \/>Diese Website enth\u00e4lt gegebenenfalls Links zu externen Webseiten Dritter. F\u00fcr die Inhalte der verlinkten Seiten sind ausschlie\u00dflich deren Betreiber verantwortlich. Zum Zeitpunkt der Verlinkung waren keine rechtswidrigen Inhalte erkennbar.<\/p>\t\t\t\t\t\t\t\t<\/div>\n\t\t\t\t\t<\/div>\n\t\t\t\t<\/div>\n\t\t\t\t<\/div>\n\t\t","protected":false},"excerpt":{"rendered":"<p>IMPRESSUM Angaben gem\u00e4\u00df \u00a7 5 TMGAnja Brachmann17166 Klein K\u00f6thelScheune 3 E-Mail: anjabrach@web.deTelefon: +491633116788Website: www.anjabrachmann.de Verantwortlich f\u00fcr den Inhalt nach \u00a7 18 Abs. 2 MStV: wie oben Urheberrecht: Die auf dieser Website ver\u00f6ffentlichten Inhalte, Fotografien, Texte und k\u00fcnstlerischen Arbeiten sind urheberrechtlich gesch\u00fctzt.Jegliche Verwendung, Vervielf\u00e4ltigung, Bearbeitung oder Verbreitung au\u00dferhalb der Grenzen des Urheberrechts bedarf der vorherigen schriftlichen [&hellip;]<\/p>\n","protected":false},"author":1,"featured_media":0,"parent":0,"menu_order":0,"comment_status":"closed","ping_status":"closed","template":"elementor_header_footer","meta":{"footnotes":""},"class_list":["post-1211","page","type-page","status-publish","hentry"],"_links":{"self":[{"href":"https:\/\/anjabrachmann.de\/index.php?rest_route=\/wp\/v2\/pages\/1211","targetHints":{"allow":["GET"]}}],"collection":[{"href":"https:\/\/anjabrachmann.de\/index.php?rest_route=\/wp\/v2\/pages"}],"about":[{"href":"https:\/\/anjabrachmann.de\/index.php?rest_route=\/wp\/v2\/types\/page"}],"author":[{"embeddable":true,"href":"https:\/\/anjabrachmann.de\/index.php?rest_route=\/wp\/v2\/users\/1"}],"replies":[{"embeddable":true,"href":"https:\/\/anjabrachmann.de\/index.php?rest_route=%2Fwp%2Fv2%2Fcomments&post=1211"}],"version-history":[{"count":22,"href":"https:\/\/anjabrachmann.de\/index.php?rest_route=\/wp\/v2\/pages\/1211\/revisions"}],"predecessor-version":[{"id":1249,"href":"https:\/\/anjabrachmann.de\/index.php?rest_route=\/wp\/v2\/pages\/1211\/revisions\/1249"}],"wp:attachment":[{"href":"https:\/\/anjabrachmann.de\/index.php?rest_route=%2Fwp%2Fv2%2Fmedia&parent=1211"}],"curies":[{"name":"wp","href":"https:\/\/api.w.org\/{rel}","templated":true}]}}